{"id":633,"date":"2015-12-19T15:10:52","date_gmt":"2015-12-19T14:10:52","guid":{"rendered":"https:\/\/site.kino-gruppe-rusch.de\/?page_id=633"},"modified":"2022-02-11T09:00:06","modified_gmt":"2022-02-11T08:00:06","slug":"technische-daten-2","status":"publish","type":"page","link":"https:\/\/www.kino-gruppe-rusch.de\/index.php\/standorte\/cineplex-koenigsbrunn\/technische-daten-2\/","title":{"rendered":"Technische Daten"},"content":{"rendered":"<p>[et_pb_section fb_built=\u201c1\u201d fullwidth=\u201con\u201d custom_padding_last_edited=\u201con|desktop\u201d admin_label=\u201cSektion\u201d _builder_version=\u201c3.22\u201d custom_padding=\u201d||0px|\u201d custom_padding_tablet=\u201c50px|0|50px|0\u201d custom_padding_phone=\u201d\u201d transparent_background=\u201coff\u201d padding_mobile=\u201coff\u201d make_fullwidth=\u201coff\u201d use_custom_width=\u201coff\u201d width_unit=\u201con\u201d][et_pb_fullwidth_header title=\u201cKinos\u00e4le , Ton und Tech\u00adnik\u201d text_orientation=\u201ccenter\u201d header_fullscreen=\u201con\u201d header_scroll_down=\u201con\u201d scroll_down_icon=\u201d%%1%%\u201d scroll_down_icon_color=\u201d#ffffff\u201d background_overlay_color=\u201crgba(12,113,195,0)\u201d logo_image_url=\u201chttps:\/\/kino-gruppe-rusch.de\/wp-content\/uploads\/2015\/12\/cp_logo_koe-e1482326775126.png\u201d content_max_width=\u201cnone\u201d content_font_color=\u201d#ffffff\u201d admin_label=\u201cVollbreite Kopf\u00adzei\u00adle\u201d _builder_version=\u201c4.0.9\u201d title_font_size=\u201c34px\u201d content_text_color=\u201d#ffffff\u201d content_font_size=\u201c20px\u201d subhead_font_size=\u201c25px\u201d background_color=\u201crgba(255, 255, 255, 0)\u201d background_image=\u201chttps:\/\/kino-gruppe-rusch.de\/wp-content\/uploads\/2015\/12\/IMG_1596.jpg\u201d parallax=\u201con\u201d parallax_method=\u201con\u201d custom_css_header_container=\u201d#main-header { display:none; }||#page-con\u00adtai\u00adner { padding-top:100px !important }\u201d custom_css_title=\u201cmargin-top: 1em\u201d background_url=\u201chttps:\/\/kino-gruppe-rusch.de\/wp-content\/uploads\/2015\/12\/IMG_1596.jpg\u201d button_one_letter_spacing_hover=\u201c0\u201d button_two_letter_spacing_hover=\u201c0\u201d saved_tabs=\u201call\u201d button_one_text_size__hover_enabled=\u201coff\u201d button_two_text_size__hover_enabled=\u201coff\u201d button_one_text_color__hover_enabled=\u201coff\u201d button_two_text_color__hover_enabled=\u201coff\u201d button_one_border_width__hover_enabled=\u201coff\u201d button_two_border_width__hover_enabled=\u201coff\u201d button_one_border_color__hover_enabled=\u201coff\u201d button_two_border_color__hover_enabled=\u201coff\u201d button_one_border_radius__hover_enabled=\u201coff\u201d button_two_border_radius__hover_enabled=\u201coff\u201d button_one_letter_spacing__hover_enabled=\u201con\u201d button_one_letter_spacing__hover=\u201c0\u201d button_two_letter_spacing__hover_enabled=\u201con\u201d button_two_letter_spacing__hover=\u201c0\u201d button_one_bg_color__hover_enabled=\u201coff\u201d button_two_bg_color__hover_enabled=\u201coff\u201d][\/et_pb_fullwidth_header][\/et_pb_section][et_pb_section fb_built=\u201c1\u201d custom_padding_last_edited=\u201con|desktop\u201d admin_label=\u201cSektion\u201d _builder_version=\u201c3.22\u201d custom_padding=\u201d||0px|\u201d custom_padding_tablet=\u201c50px|0|50px|0\u201d custom_padding_phone=\u201d\u201d transparent_background=\u201coff\u201d padding_mobile=\u201coff\u201d make_fullwidth=\u201coff\u201d use_custom_width=\u201coff\u201d width_unit=\u201coff\u201d][et_pb_row padding_mobile=\u201coff\u201d column_padding_mobile=\u201con\u201d admin_label=\u201cZeile\u201d _builder_version=\u201c3.25\u201d background_size=\u201cinitial\u201d background_position=\u201ctop_left\u201d background_repeat=\u201crepeat\u201d width=\u201c69%\u201d max_width=\u201c69%\u201d make_fullwidth=\u201coff\u201d use_custom_width=\u201con\u201d width_unit=\u201coff\u201d custom_width_px=\u201c1080px\u201d custom_width_percent=\u201c69%\u201d][et_pb_column type=\u201c4_4\u201d _builder_version=\u201c3.25\u201d custom_padding=\u201d|||\u201d custom_padding__hover=\u201d|||\u201d][et_pb_text admin_label=\u201cText\u201d _builder_version=\u201c3.27.4\u201d text_text_color=\u201d#5e5e5e\u201d text_font_size=\u201c16\u201d text_letter_spacing=\u201c1px\u201d header_font=\u201cOpen Sans Light||||\u201d header_text_color=\u201d#7a7a7a\u201d header_line_height=\u201c2em\u201d background_size=\u201cinitial\u201d background_position=\u201ctop_left\u201d background_repeat=\u201crepeat\u201d text_orientation=\u201ccenter\u201d module_alignment=\u201ccenter\u201d custom_css_main_element=\u201cmargin-top: 0em;||margin-right: 3em;||margin-left: 3em;\u201d use_border_color=\u201coff\u201d border_color=\u201d#ffffff\u201d border_style=\u201csolid\u201d saved_tabs=\u201call\u201d]<\/p>\n<p>Mit unse\u00adren ins\u00adge\u00adsamt 6 Lein\u00adw\u00e4n\u00adden stel\u00adlen wir sicher, dass wir eine gro\u00ad\u00dfe Aus\u00adwahl an Fil\u00admen f\u00fcr alle G\u00e4s\u00adte bereit\u00adhal\u00adten. Neben moderns\u00adter Pro\u00adjek\u00adti\u00adons\u00adtech\u00adnik im 2D- und 3D-Bereich, sind alle unse\u00adre S\u00e4le auch mit einem per\u00adfek\u00adtem Dol\u00adby Ton\u00adsys\u00adtem aus\u00adge\u00adstat\u00adtet. Alle S\u00e4le sind in drei Platz\u00adka\u00adte\u00adgo\u00adrien unter\u00adteilt: Nor\u00admal\u00adbe\u00adreich (hell\u00adblau), First Class (blau), First Class Pre\u00admi\u00adum (dun\u00adkel\u00adblau). Hier fin\u00addest du eine \u00dcber\u00adsicht unse\u00adrer Kinos\u00e4le:<\/p>\n<p>[\/et_pb_text][\/et_pb_column][\/et_pb_row][\/et_pb_section][et_pb_section fb_built=\u201c1\u201d custom_padding_last_edited=\u201con|desktop\u201d admin_label=\u201csection\u201d _builder_version=\u201c3.22\u201d custom_padding_tablet=\u201c50px|0|50px|0\u201d custom_padding_phone=\u201d\u201d transparent_background=\u201coff\u201d padding_mobile=\u201coff\u201d make_fullwidth=\u201coff\u201d use_custom_width=\u201coff\u201d width_unit=\u201coff\u201d custom_width_px=\u201c1080px\u201d custom_width_percent=\u201c80%\u201d][et_pb_row column_structure=\u201c1_3,1_3,1_3\u201d padding_mobile=\u201coff\u201d make_equal=\u201con\u201d column_padding_mobile=\u201con\u201d admin_label=\u201crow\u201d _builder_version=\u201c3.25\u201d background_size=\u201cinitial\u201d background_position=\u201ctop_left\u201d background_repeat=\u201crepeat\u201d make_fullwidth=\u201coff\u201d use_custom_width=\u201coff\u201d width_unit=\u201con\u201d custom_width_px=\u201c1080\u201d custom_width_percent=\u201c80%\u201d][et_pb_column type=\u201c1_3\u201d _builder_version=\u201c3.25\u201d custom_padding=\u201d|||\u201d custom_padding__hover=\u201d|||\u201d][et_pb_text admin_label=\u201cText\u201d _builder_version=\u201c4.9.4\u201d text_text_color=\u201c#000000\u201d text_line_height=\u201c1.4em\u201d background_color=\u201d#ffffff\u201d background_size=\u201cinitial\u201d background_position=\u201ctop_left\u201d background_repeat=\u201crepeat\u201d text_orientation=\u201ccenter\u201d module_alignment=\u201ccenter\u201d hover_enabled=\u201c0\u201d use_border_color=\u201coff\u201d border_color=\u201d#ffffff\u201d border_style=\u201csolid\u201d saved_tabs=\u201call\u201d sticky_enabled=\u201c0\u201d]<\/p>\n<p><strong>Saal 1<\/strong><br><span>98 Pl\u00e4t\u00adze (1 Roll\u00adstuhl\u00adplatz) \u2014 Digi\u00adta\u00adle 2D-\/3D-Pro\u00adjek\u00adti\u00adon \u2014 Dol\u00adby Sur\u00adround 7.1<\/span><\/p>\n<p>[\/et_pb_text][et_pb_image src=\u201chttps:\/\/www.kino-gruppe-rusch.de\/wp-content\/uploads\/2022\/02\/Saal1_KOE.jpg\u201d alt=\u201cSaal 1\u201d title_text=\u201cSaal1_KOE\u201d show_bottom_space=\u201coff\u201d align=\u201ccenter\u201d align_tablet=\u201ccenter\u201d align_phone=\u201d\u201d align_last_edited=\u201con|desktop\u201d admin_label=\u201cBild\u201d _builder_version=\u201c4.9.4\u201d hover_enabled=\u201c0\u201d use_border_color=\u201coff\u201d border_color=\u201d#ffffff\u201d border_style=\u201csolid\u201d animation=\u201coff\u201d sticky=\u201con\u201d always_center_on_mobile=\u201con\u201d sticky_enabled=\u201c0\u201d][\/et_pb_image][\/et_pb_column][et_pb_column type=\u201c1_3\u201d _builder_version=\u201c3.25\u201d custom_padding=\u201d|||\u201d custom_padding__hover=\u201d|||\u201d][et_pb_text admin_label=\u201cText\u201d _builder_version=\u201c4.9.4\u201d text_text_color=\u201c#000000\u201d text_line_height=\u201c1.4em\u201d background_color=\u201d#ffffff\u201d background_size=\u201cinitial\u201d background_position=\u201ctop_left\u201d background_repeat=\u201crepeat\u201d text_orientation=\u201ccenter\u201d module_alignment=\u201ccenter\u201d custom_padding=\u201c0px|||\u201d hover_enabled=\u201c0\u201d use_border_color=\u201coff\u201d border_color=\u201d#ffffff\u201d border_style=\u201csolid\u201d saved_tabs=\u201call\u201d sticky_enabled=\u201c0\u201d]<\/p>\n<p><strong>Saal 2<\/strong><br><span>57 Pl\u00e4t\u00adze (1 Roll\u00adstuhl\u00adplatz) \u2014 Digi\u00adta\u00adle 2D-\/3D-Pro\u00adjek\u00adti\u00adon \u2014 Dol\u00adby Sur\u00adround 7.1<\/span><\/p>\n<p>[\/et_pb_text][et_pb_image src=\u201chttps:\/\/www.kino-gruppe-rusch.de\/wp-content\/uploads\/2022\/02\/Saal2_KOE.jpg\u201d show_bottom_space=\u201coff\u201d align_tablet=\u201ccenter\u201d align_phone=\u201d\u201d align_last_edited=\u201con|desktop\u201d admin_label=\u201cBild\u201d _builder_version=\u201c4.9.4\u201d custom_margin=\u201c0px||0px|\u201d hover_enabled=\u201c0\u201d use_border_color=\u201coff\u201d border_color=\u201d#ffffff\u201d border_style=\u201csolid\u201d animation=\u201coff\u201d sticky=\u201con\u201d always_center_on_mobile=\u201con\u201d saved_tabs=\u201call\u201d title_text=\u201cSaal2_KOE\u201d sticky_enabled=\u201c0\u201d][\/et_pb_image][\/et_pb_column][et_pb_column type=\u201c1_3\u201d _builder_version=\u201c3.25\u201d custom_padding=\u201d|||\u201d custom_padding__hover=\u201d|||\u201d][et_pb_text admin_label=\u201cText\u201d _builder_version=\u201c4.9.4\u201d text_text_color=\u201c#000000\u201d text_line_height=\u201c1.4em\u201d background_size=\u201cinitial\u201d background_position=\u201ctop_left\u201d background_repeat=\u201crepeat\u201d text_orientation=\u201ccenter\u201d module_alignment=\u201ccenter\u201d hover_enabled=\u201c0\u201d use_border_color=\u201coff\u201d border_color=\u201d#ffffff\u201d border_style=\u201csolid\u201d sticky_enabled=\u201c0\u201d]<\/p>\n<p><strong>Saal 3<\/strong><br><span>57 Pl\u00e4t\u00adze (1 Roll\u00adstuhl\u00adplatz) \u2014 Digi\u00adta\u00adle 2D-\/3D-Pro\u00adjek\u00adti\u00adon \u2014 Dol\u00adby Sur\u00adround 7.1<\/span><\/p>\n<p>[\/et_pb_text][et_pb_image src=\u201chttps:\/\/www.kino-gruppe-rusch.de\/wp-content\/uploads\/2022\/02\/Saal3_KOE.jpg\u201d alt=\u201cSaal 2\u201d title_text=\u201cSaal3_KOE\u201d show_bottom_space=\u201coff\u201d align=\u201ccenter\u201d align_tablet=\u201ccenter\u201d align_phone=\u201d\u201d align_last_edited=\u201con|desktop\u201d admin_label=\u201cBild\u201d _builder_version=\u201c4.9.4\u201d hover_enabled=\u201c0\u201d use_border_color=\u201coff\u201d border_color=\u201d#ffffff\u201d border_style=\u201csolid\u201d animation=\u201coff\u201d sticky=\u201con\u201d always_center_on_mobile=\u201con\u201d sticky_enabled=\u201c0\u201d][\/et_pb_image][\/et_pb_column][\/et_pb_row][et_pb_row column_structure=\u201c1_3,1_3,1_3\u201d padding_mobile=\u201coff\u201d make_equal=\u201con\u201d column_padding_mobile=\u201con\u201d admin_label=\u201crow\u201d _builder_version=\u201c3.25\u201d background_size=\u201cinitial\u201d background_position=\u201ctop_left\u201d background_repeat=\u201crepeat\u201d make_fullwidth=\u201coff\u201d use_custom_width=\u201coff\u201d width_unit=\u201con\u201d custom_width_px=\u201c1080px\u201d custom_width_percent=\u201c80%\u201d][et_pb_column type=\u201c1_3\u201d _builder_version=\u201c3.25\u201d custom_padding=\u201d|||\u201d custom_padding__hover=\u201d|||\u201d][et_pb_text admin_label=\u201cText\u201d _builder_version=\u201c4.9.4\u201d text_text_color=\u201c#000000\u201d text_line_height=\u201c1.4em\u201d background_color=\u201d#ffffff\u201d background_size=\u201cinitial\u201d background_position=\u201ctop_left\u201d background_repeat=\u201crepeat\u201d text_orientation=\u201ccenter\u201d module_alignment=\u201ccenter\u201d hover_enabled=\u201c0\u201d use_border_color=\u201coff\u201d border_color=\u201d#ffffff\u201d border_style=\u201csolid\u201d saved_tabs=\u201call\u201d sticky_enabled=\u201c0\u201d]<\/p>\n<p><strong>Saal 4<\/strong><br><span>141 Pl\u00e4t\u00adze \u2014 Digi\u00adta\u00adle 2D-\/3D-Pro\u00adjek\u00adti\u00adon \u2014 Dol\u00adby Sur\u00adround 7.1<\/span><\/p>\n<p>[\/et_pb_text][et_pb_image src=\u201chttps:\/\/www.kino-gruppe-rusch.de\/wp-content\/uploads\/2022\/02\/Saal4_KOE.jpg\u201d show_bottom_space=\u201coff\u201d align_tablet=\u201ccenter\u201d align_phone=\u201d\u201d align_last_edited=\u201con|desktop\u201d admin_label=\u201cBild\u201d _builder_version=\u201c4.9.4\u201d hover_enabled=\u201c0\u201d use_border_color=\u201coff\u201d border_color=\u201d#ffffff\u201d border_style=\u201csolid\u201d animation=\u201coff\u201d sticky=\u201con\u201d always_center_on_mobile=\u201con\u201d saved_tabs=\u201call\u201d title_text=\u201cSaal4_KOE\u201d sticky_enabled=\u201c0\u201d][\/et_pb_image][\/et_pb_column][et_pb_column type=\u201c1_3\u201d _builder_version=\u201c3.25\u201d custom_padding=\u201d|||\u201d custom_padding__hover=\u201d|||\u201d][et_pb_text admin_label=\u201cText\u201d _builder_version=\u201c4.9.4\u201d text_text_color=\u201c#000000\u201d text_line_height=\u201c1.4em\u201d background_color=\u201d#ffffff\u201d background_size=\u201cinitial\u201d background_position=\u201ctop_left\u201d background_repeat=\u201crepeat\u201d text_orientation=\u201ccenter\u201d module_alignment=\u201ccenter\u201d hover_enabled=\u201c0\u201d use_border_color=\u201coff\u201d border_color=\u201d#ffffff\u201d border_style=\u201csolid\u201d saved_tabs=\u201call\u201d sticky_enabled=\u201c0\u201d]<\/p>\n<p><strong>Saal 5<\/strong><br><span>143 Pl\u00e4t\u00adze \u2014 Digi\u00adta\u00adle 2D-\/3D-Pro\u00adjek\u00adti\u00adon \u2014 Dol\u00adby Sur\u00adround 7.1<\/span><\/p>\n<p>[\/et_pb_text][et_pb_image src=\u201chttps:\/\/www.kino-gruppe-rusch.de\/wp-content\/uploads\/2022\/02\/Saal5_KOE.jpg\u201d show_bottom_space=\u201coff\u201d align_tablet=\u201ccenter\u201d align_phone=\u201d\u201d align_last_edited=\u201con|desktop\u201d admin_label=\u201cBild\u201d _builder_version=\u201c4.9.4\u201d hover_enabled=\u201c0\u201d use_border_color=\u201coff\u201d border_color=\u201d#ffffff\u201d border_style=\u201csolid\u201d animation=\u201coff\u201d sticky=\u201con\u201d always_center_on_mobile=\u201con\u201d saved_tabs=\u201call\u201d title_text=\u201cSaal5_KOE\u201d sticky_enabled=\u201c0\u201d][\/et_pb_image][\/et_pb_column][et_pb_column type=\u201c1_3\u201d _builder_version=\u201c3.25\u201d custom_padding=\u201d|||\u201d custom_padding__hover=\u201d|||\u201d][et_pb_text admin_label=\u201cText\u201d _builder_version=\u201c4.9.4\u201d text_text_color=\u201c#000000\u201d text_line_height=\u201c1.4em\u201d background_color=\u201d#ffffff\u201d background_size=\u201cinitial\u201d background_position=\u201ctop_left\u201d background_repeat=\u201crepeat\u201d text_orientation=\u201ccenter\u201d module_alignment=\u201ccenter\u201d hover_enabled=\u201c0\u201d use_border_color=\u201coff\u201d border_color=\u201d#ffffff\u201d border_style=\u201csolid\u201d saved_tabs=\u201call\u201d sticky_enabled=\u201c0\u201d]<\/p>\n<p><strong>Saal 6<\/strong><br><span>70 Pl\u00e4t\u00adze \u2014 Digi\u00adta\u00adle 2D-\/3D-Pro\u00adjek\u00adti\u00adon \u2014 Dol\u00adby Sur\u00adround 7.1<\/span><\/p>\n<p>[\/et_pb_text][et_pb_image src=\u201chttps:\/\/www.kino-gruppe-rusch.de\/wp-content\/uploads\/2022\/02\/Saal6_KOE.jpg\u201d show_bottom_space=\u201coff\u201d align=\u201ccenter\u201d align_tablet=\u201ccenter\u201d align_phone=\u201d\u201d align_last_edited=\u201con|desktop\u201d admin_label=\u201cBild\u201d _builder_version=\u201c4.9.4\u201d custom_margin=\u201c2|2|2|2\u201d hover_enabled=\u201c0\u201d use_border_color=\u201coff\u201d border_color=\u201d#ffffff\u201d border_style=\u201csolid\u201d animation=\u201coff\u201d sticky=\u201con\u201d always_center_on_mobile=\u201con\u201d saved_tabs=\u201call\u201d title_text=\u201cSaal6_KOE\u201d sticky_enabled=\u201c0\u201d][\/et_pb_image][\/et_pb_column][\/et_pb_row][et_pb_row padding_mobile=\u201coff\u201d column_padding_mobile=\u201con\u201d admin_label=\u201crow\u201d module_class=\u201d et_pb_row_fullwidth\u201d _builder_version=\u201c3.25\u201d background_size=\u201cinitial\u201d background_position=\u201ctop_left\u201d background_repeat=\u201crepeat\u201d width=\u201c89%\u201d width_tablet=\u201c80%\u201d width_phone=\u201d\u201d width_last_edited=\u201con|desktop\u201d max_width=\u201c89%\u201d max_width_tablet=\u201c80%\u201d max_width_phone=\u201d\u201d max_width_last_edited=\u201con|desktop\u201d make_fullwidth=\u201con\u201d use_custom_width=\u201coff\u201d width_unit=\u201coff\u201d][et_pb_column type=\u201c4_4\u201d _builder_version=\u201c3.25\u201d custom_padding=\u201d|||\u201d custom_padding__hover=\u201d|||\u201d][\/et_pb_column][\/et_pb_row][\/et_pb_section]<\/p>\n","protected":false},"excerpt":{"rendered":"<p>Mit unse\u00adren ins\u00adge\u00adsamt 6 Lein\u00adw\u00e4n\u00adden stel\u00adlen wir sicher, dass wir eine gro\u00ad\u00dfe Aus\u00adwahl an Fil\u00admen f\u00fcr alle G\u00e4s\u00adte bereit\u00adhal\u00adten. Neben moderns\u00adter Pro\u00adjek\u00adti\u00adons\u00adtech\u00adnik im 2D- und 3D-Bereich, sind alle unse\u00adre S\u00e4le auch mit einem per\u00adfek\u00adtem Dol\u00adby Ton\u00adsys\u00adtem aus\u00adge\u00adstat\u00adtet. Alle S\u00e4le sind in drei Platz\u00adka\u00adte\u00adgo\u00adrien unter\u00adteilt: Nor\u00admal\u00adbe\u00adreich (hell\u00adblau), First Class (blau), First Class Pre\u00admi\u00adum (dun\u00adkel\u00adblau). Hier findest&nbsp;[\u2026]<\/p>\n","protected":false},"author":2,"featured_media":0,"parent":621,"menu_order":0,"comment_status":"closed","ping_status":"closed","template":"","meta":{"_et_pb_use_builder":"on","_et_pb_old_content":"","_et_gb_content_width":"","wp_typography_post_enhancements_disabled":false,"jetpack_post_was_ever_published":false,"footnotes":""},"class_list":["post-633","page","type-page","status-publish","hentry"],"yoast_head":"<!-- This site is optimized with the Yoast SEO plugin v27.4 - https:\/\/yoast.com\/product\/yoast-seo-wordpress\/ -->\n<title>Technische Daten - KinoGruppeRusch<\/title>\n<meta name=\"robots\" content=\"index, follow, max-snippet:-1, max-image-preview:large, max-video-preview:-1\" \/>\n<link rel=\"canonical\" href=\"https:\/\/www.kino-gruppe-rusch.de\/index.php\/standorte\/cineplex-koenigsbrunn\/technische-daten-2\/\" \/>\n<meta property=\"og:locale\" content=\"de_DE\" \/>\n<meta property=\"og:type\" content=\"article\" \/>\n<meta property=\"og:title\" content=\"Technische Daten - KinoGruppeRusch\" \/>\n<meta property=\"og:description\" content=\"Mit unseren insgesamt 6 Leinw\u00e4nden stellen wir sicher, dass wir eine gro\u00dfe Auswahl an Filmen f\u00fcr alle G\u00e4ste bereithalten. Neben modernster Projektionstechnik im 2D- und 3D-Bereich, sind alle unsere S\u00e4le auch mit einem perfektem Dolby Tonsystem ausgestattet. Alle S\u00e4le sind in drei Platzkategorien unterteilt: Normalbereich (hellblau), First Class (blau), First Class Premium (dunkelblau). Hier findest [&hellip;]\" \/>\n<meta property=\"og:url\" content=\"https:\/\/www.kino-gruppe-rusch.de\/index.php\/standorte\/cineplex-koenigsbrunn\/technische-daten-2\/\" \/>\n<meta property=\"og:site_name\" content=\"KinoGruppeRusch\" \/>\n<meta property=\"article:modified_time\" content=\"2022-02-11T08:00:06+00:00\" \/>\n<meta name=\"twitter:card\" content=\"summary_large_image\" \/>\n<meta name=\"twitter:label1\" content=\"Gesch\u00e4tzte Lesezeit\" \/>\n\t<meta name=\"twitter:data1\" content=\"8\u00a0Minuten\" \/>\n<!-- \/ Yoast SEO plugin. -->","yoast_head_json":{"title":"Technische Daten - KinoGruppeRusch","robots":{"index":"index","follow":"follow","max-snippet":"max-snippet:-1","max-image-preview":"max-image-preview:large","max-video-preview":"max-video-preview:-1"},"canonical":"https:\/\/www.kino-gruppe-rusch.de\/index.php\/standorte\/cineplex-koenigsbrunn\/technische-daten-2\/","og_locale":"de_DE","og_type":"article","og_title":"Technische Daten - KinoGruppeRusch","og_description":"Mit unseren insgesamt 6 Leinw\u00e4nden stellen wir sicher, dass wir eine gro\u00dfe Auswahl an Filmen f\u00fcr alle G\u00e4ste bereithalten. Neben modernster Projektionstechnik im 2D- und 3D-Bereich, sind alle unsere S\u00e4le auch mit einem perfektem Dolby Tonsystem ausgestattet. Alle S\u00e4le sind in drei Platzkategorien unterteilt: Normalbereich (hellblau), First Class (blau), First Class Premium (dunkelblau). Hier findest [&hellip;]","og_url":"https:\/\/www.kino-gruppe-rusch.de\/index.php\/standorte\/cineplex-koenigsbrunn\/technische-daten-2\/","og_site_name":"KinoGruppeRusch","article_modified_time":"2022-02-11T08:00:06+00:00","twitter_card":"summary_large_image","twitter_misc":{"Gesch\u00e4tzte Lesezeit":"8\u00a0Minuten"},"schema":{"@context":"https:\/\/schema.org","@graph":[{"@type":"WebPage","@id":"https:\/\/www.kino-gruppe-rusch.de\/index.php\/standorte\/cineplex-koenigsbrunn\/technische-daten-2\/","url":"https:\/\/www.kino-gruppe-rusch.de\/index.php\/standorte\/cineplex-koenigsbrunn\/technische-daten-2\/","name":"Technische Daten - KinoGruppeRusch","isPartOf":{"@id":"https:\/\/www.kino-gruppe-rusch.de\/#website"},"datePublished":"2015-12-19T14:10:52+00:00","dateModified":"2022-02-11T08:00:06+00:00","breadcrumb":{"@id":"https:\/\/www.kino-gruppe-rusch.de\/index.php\/standorte\/cineplex-koenigsbrunn\/technische-daten-2\/#breadcrumb"},"inLanguage":"de","potentialAction":[{"@type":"ReadAction","target":["https:\/\/www.kino-gruppe-rusch.de\/index.php\/standorte\/cineplex-koenigsbrunn\/technische-daten-2\/"]}]},{"@type":"BreadcrumbList","@id":"https:\/\/www.kino-gruppe-rusch.de\/index.php\/standorte\/cineplex-koenigsbrunn\/technische-daten-2\/#breadcrumb","itemListElement":[{"@type":"ListItem","position":1,"name":"Startseite","item":"https:\/\/www.kino-gruppe-rusch.de\/"},{"@type":"ListItem","position":2,"name":"Standorte","item":"https:\/\/www.kino-gruppe-rusch.de\/index.php\/standorte\/"},{"@type":"ListItem","position":3,"name":"Cineplex K\u00f6nigsbrunn","item":"https:\/\/www.kino-gruppe-rusch.de\/index.php\/standorte\/cineplex-koenigsbrunn\/"},{"@type":"ListItem","position":4,"name":"Technische Daten"}]},{"@type":"WebSite","@id":"https:\/\/www.kino-gruppe-rusch.de\/#website","url":"https:\/\/www.kino-gruppe-rusch.de\/","name":"KinoGruppeRusch","description":"Firmenhomepage der KinoGruppeRusch","potentialAction":[{"@type":"SearchAction","target":{"@type":"EntryPoint","urlTemplate":"https:\/\/www.kino-gruppe-rusch.de\/?s={search_term_string}"},"query-input":{"@type":"PropertyValueSpecification","valueRequired":true,"valueName":"search_term_string"}}],"inLanguage":"de"}]}},"jetpack_sharing_enabled":true,"jetpack_shortlink":"https:\/\/wp.me\/P9Wow0-ad","_links":{"self":[{"href":"https:\/\/www.kino-gruppe-rusch.de\/index.php\/wp-json\/wp\/v2\/pages\/633","targetHints":{"allow":["GET"]}}],"collection":[{"href":"https:\/\/www.kino-gruppe-rusch.de\/index.php\/wp-json\/wp\/v2\/pages"}],"about":[{"href":"https:\/\/www.kino-gruppe-rusch.de\/index.php\/wp-json\/wp\/v2\/types\/page"}],"author":[{"embeddable":true,"href":"https:\/\/www.kino-gruppe-rusch.de\/index.php\/wp-json\/wp\/v2\/users\/2"}],"replies":[{"embeddable":true,"href":"https:\/\/www.kino-gruppe-rusch.de\/index.php\/wp-json\/wp\/v2\/comments?post=633"}],"version-history":[{"count":14,"href":"https:\/\/www.kino-gruppe-rusch.de\/index.php\/wp-json\/wp\/v2\/pages\/633\/revisions"}],"predecessor-version":[{"id":5216,"href":"https:\/\/www.kino-gruppe-rusch.de\/index.php\/wp-json\/wp\/v2\/pages\/633\/revisions\/5216"}],"up":[{"embeddable":true,"href":"https:\/\/www.kino-gruppe-rusch.de\/index.php\/wp-json\/wp\/v2\/pages\/621"}],"wp:attachment":[{"href":"https:\/\/www.kino-gruppe-rusch.de\/index.php\/wp-json\/wp\/v2\/media?parent=633"}],"curies":[{"name":"wp","href":"https:\/\/api.w.org\/{rel}","templated":true}]}}