{"id":742,"date":"2016-04-23T22:40:39","date_gmt":"2016-04-23T20:40:39","guid":{"rendered":"https:\/\/site.kino-gruppe-rusch.de\/?page_id=742"},"modified":"2026-02-12T20:37:55","modified_gmt":"2026-02-12T19:37:55","slug":"cineplex-meitingen","status":"publish","type":"page","link":"https:\/\/www.kino-gruppe-rusch.de\/index.php\/standorte\/cineplex-meitingen\/","title":{"rendered":"Cineplex Meitingen"},"content":{"rendered":"<p>[et_pb_section fb_built=\u201c1\u201d fullwidth=\u201con\u201d custom_padding_last_edited=\u201con|desktop\u201d admin_label=\u201cSektion\u201d _builder_version=\u201c4.16\u201d custom_padding=\u201c1px|0px|0px|0px\u201d custom_padding_tablet=\u201c50px|0|50px|0\u201d custom_padding_phone=\u201d\u201d transparent_background=\u201coff\u201d padding_mobile=\u201coff\u201d make_fullwidth=\u201coff\u201d use_custom_width=\u201coff\u201d width_unit=\u201coff\u201d custom_width_px=\u201c1080px\u201d custom_width_percent=\u201c80%\u201d global_colors_info=\u201d{}\u201d][et_pb_fullwidth_header title=\u201cKINO IN PERFEKTION IM CINEPLEX MEITINGEN\u201d text_orientation=\u201ccenter\u201d header_fullscreen=\u201con\u201d header_scroll_down=\u201con\u201d scroll_down_icon=\u201d%%1%%\u201d scroll_down_icon_color=\u201d#ffffff\u201d background_overlay_color=\u201crgba(12,113,195,0)\u201d logo_image_url=\u201chttps:\/\/kino-gruppe-rusch.de\/wp-content\/uploads\/2016\/04\/cp_logo_meitingen-e1482697960337.png\u201d content_max_width=\u201cnone\u201d content_font_color=\u201d#ffffff\u201d admin_label=\u201cVollbreite Kopf\u00adzei\u00adle\u201d _builder_version=\u201c4.24.2\u201d title_font_size=\u201c34px\u201d content_text_color=\u201d#ffffff\u201d content_font_size=\u201c20px\u201d subhead_font_size=\u201c25px\u201d background_color=\u201c#db1b16\u201d background_image=\u201chttps:\/\/www.kino-gruppe-rusch.de\/wp-content\/uploads\/2019\/12\/rot.jpg\u201d parallax=\u201con\u201d parallax_method=\u201con\u201d custom_css_main_element=\u201ctext-align: cen\u00adter;\u201d custom_css_title=\u201cmargin-top: 1em\u201d button_one_letter_spacing_hover=\u201c0\u201d button_two_letter_spacing_hover=\u201c0\u201d saved_tabs=\u201call\u201d global_colors_info=\u201d{}\u201d button_one_text_size__hover_enabled=\u201coff\u201d button_two_text_size__hover_enabled=\u201coff\u201d button_one_text_color__hover_enabled=\u201coff\u201d button_two_text_color__hover_enabled=\u201coff\u201d button_one_border_width__hover_enabled=\u201coff\u201d button_two_border_width__hover_enabled=\u201coff\u201d button_one_border_color__hover_enabled=\u201coff\u201d button_two_border_color__hover_enabled=\u201coff\u201d button_one_border_radius__hover_enabled=\u201coff\u201d button_two_border_radius__hover_enabled=\u201coff\u201d button_one_letter_spacing__hover_enabled=\u201con\u201d button_one_letter_spacing__hover=\u201c0\u201d button_two_letter_spacing__hover_enabled=\u201con\u201d button_two_letter_spacing__hover=\u201c0\u201d button_one_bg_color__hover_enabled=\u201coff\u201d button_two_bg_color__hover_enabled=\u201coff\u201d]<\/p>\n<p>&nbsp;<\/p>\n<p style=\"text-align: center;\">7&nbsp;Kino\u00ads\u00e4\u00adle \u2014 794 beque\u00adme Sitz\u00adpl\u00e4t\u00adze<br>D\u2011Box Moti\u00adon Seats, Pre\u00admi\u00adum Recli\u00adner, Spieleland<\/p>\n<p style=\"text-align: center;\">200 kos\u00adten\u00adlo\u00adse Parkpl\u00e4tze<\/p>\n<p>[\/et_pb_fullwidth_header][\/et_pb_section][et_pb_section fb_built=\u201c1\u201d custom_padding_last_edited=\u201con|desktop\u201d admin_label=\u201csection\u201d _builder_version=\u201c4.16\u201d custom_padding_tablet=\u201c50px|0|50px|0\u201d custom_padding_phone=\u201d\u201d transparent_background=\u201coff\u201d padding_mobile=\u201coff\u201d make_fullwidth=\u201coff\u201d use_custom_width=\u201coff\u201d width_unit=\u201coff\u201d custom_width_px=\u201c1080px\u201d custom_width_percent=\u201c80%\u201d global_colors_info=\u201d{}\u201d][et_pb_row column_structure=\u201c1_2,1_2\u201d padding_mobile=\u201coff\u201d column_padding_mobile=\u201con\u201d admin_label=\u201crow\u201d _builder_version=\u201c4.16\u201d background_size=\u201cinitial\u201d background_position=\u201ctop_left\u201d background_repeat=\u201crepeat\u201d make_fullwidth=\u201coff\u201d use_custom_width=\u201coff\u201d width_unit=\u201coff\u201d custom_width_px=\u201c1080px\u201d custom_width_percent=\u201c80%\u201d global_colors_info=\u201d{}\u201d][et_pb_column type=\u201c1_2\u201d _builder_version=\u201c4.16\u201d custom_padding=\u201d|||\u201d global_colors_info=\u201d{}\u201d custom_padding__hover=\u201d|||\u201d][et_pb_text admin_label=\u201cText\u201d _builder_version=\u201c4.16\u201d text_font=\u201cOpen Sans Light||||\u201d text_text_color=\u201d#5e5e5e\u201d text_font_size=\u201c16\u201d text_letter_spacing=\u201c2px\u201d header_font=\u201cOpen Sans Light||||\u201d header_text_color=\u201d#7a7a7a\u201d header_line_height=\u201c2em\u201d background_size=\u201cinitial\u201d background_position=\u201ctop_left\u201d background_repeat=\u201crepeat\u201d text_orientation=\u201ccenter\u201d module_alignment=\u201ccenter\u201d custom_css_main_element=\u201cmargin-right: 2em;||margin-left: 2em;\u201d use_border_color=\u201coff\u201d border_style=\u201csolid\u201d saved_tabs=\u201call\u201d global_colors_info=\u201d{}\u201d]<\/p>\n<h1>Cineplex Meitingen<\/h1>\n<p>Donau\u00adw\u00f6r\u00adther Str. 53<br>86405 Meit\u00adin\u00adgen<\/p>\n<p><a href=\"mailto:meitingen@cineplex.de\">meitingen@cineplex.de<\/a><\/p>\n<p><a href=\"http:\/\/www.cineplex.de\/meitingen\">www.cineplex.de\/meitingen<\/a><\/p>\n<p>[\/et_pb_text][\/et_pb_column][et_pb_column type=\u201c1_2\u201d _builder_version=\u201c4.16\u201d custom_padding=\u201d|||\u201d global_colors_info=\u201d{}\u201d custom_padding__hover=\u201d|||\u201d][et_pb_code admin_label=\u201cCode\u201d _builder_version=\u201c4.20.4\u201d global_colors_info=\u201d{}\u201d]<\/p><div class=\"ba_map_holder\" id=\"08e0f9fabf6ed17a74112bc11d0a3a67\" data-map-id=\"3511\"><\/div>[\/et_pb_code][\/et_pb_column][\/et_pb_row][et_pb_row use_custom_gutter=\u201con\u201d gutter_width=\u201c0\u201d padding_mobile=\u201coff\u201d column_padding_mobile=\u201con\u201d admin_label=\u201crow\u201d module_class=\u201d et_pb_row_fullwidth\u201d _builder_version=\u201c4.18.0\u201d background_color=\u201d#8c8c8c\u201d background_size=\u201cinitial\u201d background_position=\u201ctop_left\u201d background_repeat=\u201crepeat\u201d width=\u201c100%\u201d width_tablet=\u201c100%\u201d width_phone=\u201d\u201d width_last_edited=\u201con|desktop\u201d max_width=\u201c100%\u201d max_width_tablet=\u201c100%\u201d max_width_phone=\u201d\u201d max_width_last_edited=\u201con|desktop\u201d make_fullwidth=\u201con\u201d use_custom_width=\u201coff\u201d width_unit=\u201con\u201d custom_width_px=\u201c1168px\u201d custom_width_percent=\u201c80%\u201d global_colors_info=\u201d{}\u201d][et_pb_column type=\u201c4_4\u201d _builder_version=\u201c4.16\u201d custom_padding=\u201d|||\u201d global_colors_info=\u201d{}\u201d custom_padding__hover=\u201d|||\u201d][et_pb_gallery gallery_ids=\u201c6205,6204,6206,6207\u201d dbdb_version=\u201c3.8.5\u201d show_title_and_caption=\u201coff\u201d hover_overlay_color=\u201crgba(138,51,39,0.47)\u201d admin_label=\u201cGalerie\u201d _builder_version=\u201c4.24.2\u201d caption_line_height=\u201c12px\u201d custom_css_before=\u201d{ text-ali\u00adgn: cen\u00adter }\u201d custom_css_main_element=\u201cmargin-left: 0px;||margin-right: 0px;\u201d custom_css_gallery_item=\u201cmargin-left: 0px;||margin-right: 0px;\u201d use_border_color=\u201coff\u201d border_color=\u201d#ffffff\u201d border_style=\u201csolid\u201d global_colors_info=\u201d{}\u201d][\/et_pb_gallery][\/et_pb_column][\/et_pb_row][et_pb_row column_structure=\u201c1_3,1_3,1_3\u201d padding_mobile=\u201coff\u201d column_padding_mobile=\u201con\u201d admin_label=\u201crow\u201d module_class=\u201d et_pb_row_fullwidth\u201d _builder_version=\u201c4.16\u201d background_size=\u201cinitial\u201d background_position=\u201ctop_left\u201d background_repeat=\u201crepeat\u201d width=\u201c89%\u201d width_tablet=\u201c80%\u201d width_phone=\u201d\u201d width_last_edited=\u201con|desktop\u201d max_width=\u201c89%\u201d max_width_tablet=\u201c80%\u201d max_width_phone=\u201d\u201d max_width_last_edited=\u201con|desktop\u201d make_fullwidth=\u201con\u201d use_custom_width=\u201coff\u201d width_unit=\u201con\u201d custom_width_px=\u201c1080px\u201d custom_width_percent=\u201c80%\u201d global_colors_info=\u201d{}\u201d][et_pb_column type=\u201c1_3\u201d _builder_version=\u201c4.16\u201d custom_padding=\u201d|||\u201d global_colors_info=\u201d{}\u201d custom_padding__hover=\u201d|||\u201d][et_pb_blurb title=\u201cTechnische Daten\u201d url=\u201chttps:\/\/kino-gruppe-rusch.de\/index.php\/standorte\/cineplex-meitingen\/technische-daten-meitingen\/\u201d image_icon_width=\u201cnone\u201d admin_label=\u201cInformationstext\u201d _builder_version=\u201c4.16\u201d background_size=\u201cinitial\u201d background_position=\u201ctop_left\u201d background_repeat=\u201crepeat\u201d text_orientation=\u201ccenter\u201d use_border_color=\u201coff\u201d border_color=\u201d#ffffff\u201d border_style=\u201csolid\u201d image_max_width=\u201cnone\u201d global_colors_info=\u201d{}\u201d]\n<p style=\"text-align: justify;\">Moderns\u00adte Pro\u00adjek\u00adti\u00adons\u00adtech\u00adnik und erst\u00adklas\u00adsi\u00adger Sound f\u00fcr den per\u00adfek\u00adten Film\u00adge\u00adnuss in 2D und 3D in allen 7&nbsp;S\u00e4len.&nbsp;<\/p>\n<p>Wei\u00adte\u00adre Infos <a href=\"https:\/\/kino-gruppe-rusch.de\/index.php\/standorte\/cineplex-meitingen\/technische-daten-meitingen\/\" style=\"color: #0b99f9;\"><u>hier<\/u><\/a><\/p>\n<p>[\/et_pb_blurb][\/et_pb_column][et_pb_column type=\u201c1_3\u201d _builder_version=\u201c4.16\u201d custom_padding=\u201d|||\u201d global_colors_info=\u201d{}\u201d custom_padding__hover=\u201d|||\u201d][et_pb_blurb title=\u201cSocial Media\u201d image_icon_width=\u201cnone\u201d admin_label=\u201cInformationstext\u201d _builder_version=\u201c4.16\u201d background_size=\u201cinitial\u201d background_position=\u201ctop_left\u201d background_repeat=\u201crepeat\u201d text_orientation=\u201ccenter\u201d use_border_color=\u201coff\u201d border_color=\u201d#ffffff\u201d border_style=\u201csolid\u201d image_max_width=\u201cnone\u201d global_colors_info=\u201d{}\u201d][\/et_pb_blurb][et_pb_social_media_follow _builder_version=\u201c4.24.2\u201d text_orientation=\u201ccenter\u201d min_height=\u201c46px\u201d custom_margin=\u201d-20px|||||\u201d global_colors_info=\u201d{}\u201d][et_pb_social_media_follow_network social_network=\u201cfacebook\u201d url=\u201chttps:\/\/www.facebook.com\/CineplexMeitingen\u201d _builder_version=\u201c4.16\u201d background_color=\u201c#3b5998\u201d global_colors_info=\u201d{}\u201d follow_button=\u201coff\u201d url_new_window=\u201con\u201d]facebook[\/et_pb_social_media_follow_network][et_pb_social_media_follow_network social_network=\u201cinstagram\u201d url=\u201chttps:\/\/www.instagram.com\/cineplexmei\/\u201d _builder_version=\u201c4.16\u201d background_color=\u201c#ea2c59\u201d global_colors_info=\u201d{}\u201d follow_button=\u201coff\u201d url_new_window=\u201con\u201d]instagram[\/et_pb_social_media_follow_network][et_pb_social_media_follow_network social_network=\u201cdbdb-tiktok\u201d url=\u201chttps:\/\/www.tiktok.com\/@cineplex.meitingen\u201d _builder_version=\u201c4.24.2\u201d _module_preset=\u201cdefault\u201d background_color=\u201c#000000\u201d global_colors_info=\u201d{}\u201d follow_button=\u201coff\u201d url_new_window=\u201con\u201d]dbdb-tiktok[\/et_pb_social_media_follow_network][\/et_pb_social_media_follow][et_pb_image src=\u201chttps:\/\/kino-gruppe-rusch.de\/wp-content\/uploads\/2015\/07\/heute_im_kino.jpg\u201d url=\u201chttps:\/\/www.cineplex.de\/meitingen\/programm?centerFilters=&amp;movieFilters=&amp;releaseFilters=&amp;performancesFilters=today&amp;auditoriumsFilters=\u201d url_new_window=\u201con\u201d use_overlay=\u201con\u201d align=\u201ccenter\u201d align_tablet=\u201ccenter\u201d align_phone=\u201d\u201d align_last_edited=\u201con|desktop\u201d admin_label=\u201cBild\u201d _builder_version=\u201c4.27.4\u201d hover_enabled=\u201c0\u201d use_border_color=\u201coff\u201d border_color=\u201d#ffffff\u201d border_width=\u201c1px\u201d border_style=\u201csolid\u201d animation=\u201coff\u201d sticky=\u201coff\u201d always_center_on_mobile=\u201con\u201d saved_tabs=\u201call\u201d global_colors_info=\u201d{}\u201d sticky_enabled=\u201c0\u201d][\/et_pb_image][\/et_pb_column][et_pb_column type=\u201c1_3\u201d _builder_version=\u201c4.16\u201d custom_padding=\u201d|||\u201d global_colors_info=\u201d{}\u201d custom_padding__hover=\u201d|||\u201d][et_pb_blurb title=\u201cMediadaten\u201d url=\u201chttps:\/\/www.kino-gruppe-rusch.de\/index.php\/broschuere\/\u201d url_new_window=\u201con\u201d image_icon_width=\u201cnone\u201d admin_label=\u201cInformationstext\u201d _builder_version=\u201c4.19.5\u201d background_size=\u201cinitial\u201d background_position=\u201ctop_left\u201d background_repeat=\u201crepeat\u201d text_orientation=\u201ccenter\u201d use_border_color=\u201coff\u201d border_color=\u201d#ffffff\u201d border_width=\u201c1px\u201d border_style=\u201csolid\u201d image_max_width=\u201cnone\u201d global_colors_info=\u201d{}\u201d]<\/p>\n<p style=\"text-align: justify;\"><span>Wer\u00adbung und Events im Kino: Erfah\u00adren Sie alle Details zu den Wer\u00adbe- und Ver\u00adan\u00adstal\u00adtungs\u00adm\u00f6g\u00adlich\u00adkei\u00adten im Kino in unse\u00adren Mediadaten.<\/span><\/p>\n<p>Wei\u00adte\u00adre Infos <a href=\"https:\/\/www.kino-gruppe-rusch.de\/index.php\/broschuere\/\" style=\"color: #0b99f9;\"><u>hier<\/u><\/a><\/p>\n<p>[\/et_pb_blurb][\/et_pb_column][\/et_pb_row][et_pb_row padding_mobile=\u201coff\u201d column_padding_mobile=\u201con\u201d admin_label=\u201crow\u201d module_class=\u201d et_pb_row_fullwidth\u201d _builder_version=\u201c4.16\u201d background_size=\u201cinitial\u201d background_position=\u201ctop_left\u201d background_repeat=\u201crepeat\u201d width=\u201c89%\u201d width_tablet=\u201c80%\u201d width_phone=\u201d\u201d width_last_edited=\u201con|desktop\u201d max_width=\u201c89%\u201d max_width_tablet=\u201c80%\u201d max_width_phone=\u201d\u201d max_width_last_edited=\u201con|desktop\u201d make_fullwidth=\u201con\u201d use_custom_width=\u201coff\u201d width_unit=\u201con\u201d custom_width_px=\u201c1080px\u201d custom_width_percent=\u201c80%\u201d global_colors_info=\u201d{}\u201d][et_pb_column type=\u201c4_4\u201d _builder_version=\u201c4.16\u201d custom_padding=\u201d|||\u201d global_colors_info=\u201d{}\u201d custom_padding__hover=\u201d|||\u201d][\/et_pb_column][\/et_pb_row][\/et_pb_section]<\/p>\n","protected":false},"excerpt":{"rendered":"<p>&nbsp; 7&nbsp;Kino\u00ads\u00e4\u00adle \u2014 794 beque\u00adme Sitz\u00adpl\u00e4t\u00adzeD-Box Moti\u00adon Seats, Pre\u00admi\u00adum Recli\u00adner, Spie\u00adle\u00adland 200 kos\u00adten\u00adlo\u00adse Park\u00adpl\u00e4t\u00adze\u00adCi\u00adne\u00adplex Meit\u00adin\u00adgen Donau\u00adw\u00f6r\u00adther Str. 5386405 Meit\u00adin\u00adgen meitingen@cineplex.de www.cineplex.de\/meitingen<\/p><div class=\"ba_map_holder\" id=\"08e0f9fabf6ed17a74112bc11d0a3a67\" data-map-id=\"3511\"><\/div>Moderns\u00adte Pro\u00adjek\u00adti\u00adons\u00adtech\u00adnik und erst\u00adklas\u00adsi\u00adger Sound f\u00fcr den per\u00adfek\u00adten Film\u00adge\u00adnuss in 2D und 3D in allen 7 S\u00e4len.&nbsp; Wei\u00adte\u00adre Infos hier\u00adWer\u00adbung und Events im Kino: Erfah\u00adren Sie alle Details zu den Wer\u00adbe- und Ver\u00adan\u00adstal\u00adtungs\u00adm\u00f6g\u00adlich\u00adkei\u00adten&nbsp;im&nbsp;[\u2026]\n","protected":false},"author":2,"featured_media":0,"parent":89,"menu_order":0,"comment_status":"closed","ping_status":"closed","template":"","meta":{"_et_pb_use_builder":"on","_et_pb_old_content":"","_et_gb_content_width":"","wp_typography_post_enhancements_disabled":false,"jetpack_post_was_ever_published":false,"footnotes":""},"class_list":["post-742","page","type-page","status-publish","hentry"],"yoast_head":"<!-- This site is optimized with the Yoast SEO plugin v27.4 - https:\/\/yoast.com\/product\/yoast-seo-wordpress\/ -->\n<title>Cineplex Meitingen - KinoGruppeRusch<\/title>\n<meta name=\"robots\" content=\"index, follow, max-snippet:-1, max-image-preview:large, max-video-preview:-1\" \/>\n<link rel=\"canonical\" href=\"https:\/\/www.kino-gruppe-rusch.de\/index.php\/standorte\/cineplex-meitingen\/\" \/>\n<meta property=\"og:locale\" content=\"de_DE\" \/>\n<meta property=\"og:type\" content=\"article\" \/>\n<meta property=\"og:title\" content=\"Cineplex Meitingen - KinoGruppeRusch\" \/>\n<meta property=\"og:description\" content=\"&nbsp; 7\u00a0Kinos\u00e4le - 794 bequeme Sitzpl\u00e4tzeD-Box Motion Seats, Premium Recliner, Spieleland 200 kostenlose Parkpl\u00e4tzeCineplex Meitingen Donauw\u00f6rther Str. 5386405 Meitingen meitingen@cineplex.de www.cineplex.de\/meitingenModernste Projektionstechnik und erstklassiger Sound f\u00fcr den perfekten Filmgenuss in 2D und 3D in allen 7 S\u00e4len.\u00a0 Weitere Infos hierWerbung und Events im Kino: Erfahren Sie alle Details zu den Werbe- und Veranstaltungsm\u00f6glichkeiten im [&hellip;]\" \/>\n<meta property=\"og:url\" content=\"https:\/\/www.kino-gruppe-rusch.de\/index.php\/standorte\/cineplex-meitingen\/\" \/>\n<meta property=\"og:site_name\" content=\"KinoGruppeRusch\" \/>\n<meta property=\"article:modified_time\" content=\"2026-02-12T19:37:55+00:00\" \/>\n<meta name=\"twitter:card\" content=\"summary_large_image\" \/>\n<meta name=\"twitter:label1\" content=\"Gesch\u00e4tzte Lesezeit\" \/>\n\t<meta name=\"twitter:data1\" content=\"7\u00a0Minuten\" \/>\n<!-- \/ Yoast SEO plugin. -->","yoast_head_json":{"title":"Cineplex Meitingen - KinoGruppeRusch","robots":{"index":"index","follow":"follow","max-snippet":"max-snippet:-1","max-image-preview":"max-image-preview:large","max-video-preview":"max-video-preview:-1"},"canonical":"https:\/\/www.kino-gruppe-rusch.de\/index.php\/standorte\/cineplex-meitingen\/","og_locale":"de_DE","og_type":"article","og_title":"Cineplex Meitingen - KinoGruppeRusch","og_description":"&nbsp; 7\u00a0Kinos\u00e4le - 794 bequeme Sitzpl\u00e4tzeD-Box Motion Seats, Premium Recliner, Spieleland 200 kostenlose Parkpl\u00e4tzeCineplex Meitingen Donauw\u00f6rther Str. 5386405 Meitingen meitingen@cineplex.de www.cineplex.de\/meitingenModernste Projektionstechnik und erstklassiger Sound f\u00fcr den perfekten Filmgenuss in 2D und 3D in allen 7 S\u00e4len.\u00a0 Weitere Infos hierWerbung und Events im Kino: Erfahren Sie alle Details zu den Werbe- und Veranstaltungsm\u00f6glichkeiten im [&hellip;]","og_url":"https:\/\/www.kino-gruppe-rusch.de\/index.php\/standorte\/cineplex-meitingen\/","og_site_name":"KinoGruppeRusch","article_modified_time":"2026-02-12T19:37:55+00:00","twitter_card":"summary_large_image","twitter_misc":{"Gesch\u00e4tzte Lesezeit":"7\u00a0Minuten"},"schema":{"@context":"https:\/\/schema.org","@graph":[{"@type":"WebPage","@id":"https:\/\/www.kino-gruppe-rusch.de\/index.php\/standorte\/cineplex-meitingen\/","url":"https:\/\/www.kino-gruppe-rusch.de\/index.php\/standorte\/cineplex-meitingen\/","name":"Cineplex Meitingen - KinoGruppeRusch","isPartOf":{"@id":"https:\/\/www.kino-gruppe-rusch.de\/#website"},"datePublished":"2016-04-23T20:40:39+00:00","dateModified":"2026-02-12T19:37:55+00:00","breadcrumb":{"@id":"https:\/\/www.kino-gruppe-rusch.de\/index.php\/standorte\/cineplex-meitingen\/#breadcrumb"},"inLanguage":"de","potentialAction":[{"@type":"ReadAction","target":["https:\/\/www.kino-gruppe-rusch.de\/index.php\/standorte\/cineplex-meitingen\/"]}]},{"@type":"BreadcrumbList","@id":"https:\/\/www.kino-gruppe-rusch.de\/index.php\/standorte\/cineplex-meitingen\/#breadcrumb","itemListElement":[{"@type":"ListItem","position":1,"name":"Startseite","item":"https:\/\/www.kino-gruppe-rusch.de\/"},{"@type":"ListItem","position":2,"name":"Standorte","item":"https:\/\/www.kino-gruppe-rusch.de\/index.php\/standorte\/"},{"@type":"ListItem","position":3,"name":"Cineplex Meitingen"}]},{"@type":"WebSite","@id":"https:\/\/www.kino-gruppe-rusch.de\/#website","url":"https:\/\/www.kino-gruppe-rusch.de\/","name":"KinoGruppeRusch","description":"Firmenhomepage der KinoGruppeRusch","potentialAction":[{"@type":"SearchAction","target":{"@type":"EntryPoint","urlTemplate":"https:\/\/www.kino-gruppe-rusch.de\/?s={search_term_string}"},"query-input":{"@type":"PropertyValueSpecification","valueRequired":true,"valueName":"search_term_string"}}],"inLanguage":"de"}]}},"jetpack_sharing_enabled":true,"jetpack_shortlink":"https:\/\/wp.me\/P9Wow0-bY","_links":{"self":[{"href":"https:\/\/www.kino-gruppe-rusch.de\/index.php\/wp-json\/wp\/v2\/pages\/742","targetHints":{"allow":["GET"]}}],"collection":[{"href":"https:\/\/www.kino-gruppe-rusch.de\/index.php\/wp-json\/wp\/v2\/pages"}],"about":[{"href":"https:\/\/www.kino-gruppe-rusch.de\/index.php\/wp-json\/wp\/v2\/types\/page"}],"author":[{"embeddable":true,"href":"https:\/\/www.kino-gruppe-rusch.de\/index.php\/wp-json\/wp\/v2\/users\/2"}],"replies":[{"embeddable":true,"href":"https:\/\/www.kino-gruppe-rusch.de\/index.php\/wp-json\/wp\/v2\/comments?post=742"}],"version-history":[{"count":55,"href":"https:\/\/www.kino-gruppe-rusch.de\/index.php\/wp-json\/wp\/v2\/pages\/742\/revisions"}],"predecessor-version":[{"id":6464,"href":"https:\/\/www.kino-gruppe-rusch.de\/index.php\/wp-json\/wp\/v2\/pages\/742\/revisions\/6464"}],"up":[{"embeddable":true,"href":"https:\/\/www.kino-gruppe-rusch.de\/index.php\/wp-json\/wp\/v2\/pages\/89"}],"wp:attachment":[{"href":"https:\/\/www.kino-gruppe-rusch.de\/index.php\/wp-json\/wp\/v2\/media?parent=742"}],"curies":[{"name":"wp","href":"https:\/\/api.w.org\/{rel}","templated":true}]}}